{"id":28,"date":"2024-02-20T13:18:14","date_gmt":"2024-02-20T13:18:14","guid":{"rendered":"https:\/\/lesmazetsdelaforest.com\/?page_id=28"},"modified":"2024-02-23T11:30:17","modified_gmt":"2024-02-23T11:30:17","slug":"privacy-policy","status":"publish","type":"page","link":"https:\/\/lesmazetsdelaforest.com\/en\/politique-de-confidentialite","title":{"rendered":"Privacy policy"},"content":{"rendered":"<h3 class=\"wp-block-heading has-white-background-color has-background\">1. Personal data management.<\/h3>\n\n\n\n<p>The Customer is informed of the regulations concerning marketing communications, the law of 21 June 2014 for confidence in the Digital Economy, the Data Protection Act of 06 August 2004 and the General Data Protection Regulation (RGPD: n\u00b0 2016-679).<\/p>\n\n\n\n<h3 class=\"wp-block-heading has-white-background-color has-background\">2. Persons responsible for the collection of personal data<\/h3>\n\n\n\n<p>For Personal Data collected in connection with the creation of the User's personal account and browsing on the Site, the party responsible for processing the Personal Data is :\u00a0<strong>MAZETS 49<\/strong>represented by Sylvie Berard, its legal representative<\/p>\n\n\n\n<p>As the party responsible for processing the data it collects,\u00a0<strong>MAZETS 49<\/strong>\u00a0undertakes to comply with the legal provisions in force. In particular, it is the Customer's responsibility to establish the purposes of its data processing, to provide its prospects and customers, once their consent has been obtained, with full information on the processing of their personal data and to maintain an accurate register of such processing.<br>Whenever\u00a0<strong>MAZETS 49<\/strong>\u00a0processes Personal Data,\u00a0<strong>MAZETS 49<\/strong>\u00a0takes all reasonable steps to ensure that Personal Data is accurate and relevant to the purposes for which it is to be used.\u00a0<strong>MAZETS 49<\/strong>\u00a0treats them.<\/p>\n\n\n\n<h3 class=\"wp-block-heading has-white-background-color has-background\">3. Purpose of the data collected<\/h3>\n\n\n\n<p><strong>MAZETS 49<\/strong>\u00a0may process all or part of the data:<\/p>\n\n\n\n<ul class=\"wp-block-list\">\n<li>to enable browsing on the Site and the management and traceability of services ordered by the user: Site connection and usage data, invoicing, order history, etc.<\/li>\n\n\n\n<li>to prevent and combat computer fraud (spamming, hacking, etc.): computer equipment used for browsing, IP address, password (hashed), etc.<\/li>\n\n\n\n<li>to improve browsing on the Site: connection and usage data<\/li>\n\n\n\n<li>to conduct voluntary satisfaction surveys on\u00a0<strong>https:\/\/lesmazetsdelaforest.com\u00a0<\/strong>e-mail address<\/li>\n\n\n\n<li>to carry out communication campaigns (sms, email): telephone number, email address<\/li>\n<\/ul>\n\n\n\n<p><strong>MAZETS 49<\/strong>\u00a0does not sell your personal data, which is only used for statistical and analysis purposes.<\/p>\n\n\n\n<h3 class=\"wp-block-heading has-white-background-color has-background\">4. Right of access, rectification and opposition<\/h3>\n\n\n\n<p>In accordance with current European regulations, Users of\u00a0<strong>https:\/\/lesmazetsdelaforest.com<\/strong>\u00a0have the following rights:<\/p>\n\n\n\n<ul class=\"wp-block-list\">\n<li>the right of access (article 15 of the General Data Protection Regulation), rectification (article 16 of the General Data Protection Regulation), updating and completeness of Users' data the right to block or delete Users' personal data (article 17 of the General Data Protection Regulation), where such data is inaccurate, incomplete, ambiguous, out of date, or the collection, use, communication or storage of which is prohibited<\/li>\n\n\n\n<li>the right to withdraw consent at any time (article 13-2c RGPD)<\/li>\n\n\n\n<li>the right to limit the processing of Users' data (Article 18 RGPD)<\/li>\n\n\n\n<li>the right to object to the processing of Users' data (Article 21 RGPD)<\/li>\n\n\n\n<li>the right to portability of data provided by Users, where such data is subject to automated processing based on their consent or on a contract (Article 20 RGPD)<\/li>\n\n\n\n<li>the right to determine what happens to Users' data after their death and to choose to whom this data should be disclosed.\u00a0<strong>https:\/\/lesmazetsdelaforest.com<\/strong>\u00a0will be required to pass on (or not) their data to a third party that they have designated in advance<\/li>\n<\/ul>\n\n\n\n<p>As soon as\u00a0<strong>MAZETS 49<\/strong>\u00a0is aware of the death of a User and in the absence of instructions from the User,\u00a0<strong>MAZETS 49<\/strong>\u00a0undertakes to destroy its data, unless it needs to be kept for evidential purposes or to comply with a legal obligation.<\/p>\n\n\n\n<p>If the User wishes to know how\u00a0<strong>MAZETS 49<\/strong>\u00a0use their Personal Data, ask for them to be rectified or object to them being processed, the User may contact\u00a0<strong>MAZETS 49<\/strong>\u00a0in writing to the following address<\/p>\n\n\n\n<p><strong>MAZETS 49<\/strong>\u00a0- Manager: Sylvie Berard, Domaine de Laforest, 1000 Rte de l'Aqueduc, 13990 Fontvieille.<br>In this case, the User must indicate the Personal Data that he would like to be deleted.\u00a0<strong><strong>MAZETS 49<\/strong><\/strong>\u00a0\u00a0corrects, updates or deletes, by identifying himself\/herself precisely with a copy of an identity document (identity card or passport).<\/p>\n\n\n\n<p>Requests for the deletion of Personal Data will be subject to the obligations imposed on\u00a0<strong>MAZETS 49<\/strong>\u00a0\u00a0by law, particularly with regard to the retention or archiving of documents. Finally, Users of <strong>https:\/\/lesmazetsdelaforest.com<\/strong>\u00a0may lodge a complaint with the supervisory authorities, in particular the CNIL (https:\/\/www.cnil.fr\/fr\/plaintes).<\/p>\n\n\n\n<h3 class=\"wp-block-heading has-white-background-color has-background\">5. Non-disclosure of personal data<\/h3>\n\n\n\n<p><strong>MAZETS 49<\/strong>\u00a0shall not process, host or transfer the Information collected on its Customers to a country outside the European Union or recognised as \"non-adequate\" by the European Commission without first informing the Customer. However,\u00a0<strong>MAZETS 49<\/strong>\u00a0remains free to choose its technical and commercial subcontractors, provided that they offer sufficient guarantees with regard to the requirements of the General Data Protection Regulation (GDPR: no. 2016-679).<\/p>\n\n\n\n<p><strong>MAZETS 49<\/strong>\u00a0undertakes to take all necessary precautions to protect the security of the Information and in particular to ensure that it is not communicated to unauthorised persons. However, if an incident affecting the integrity or confidentiality of the Customer's Information is brought to the attention of\u00a0<strong>MAZETS 49<\/strong>The Customer shall be informed as soon as possible of the corrective measures taken. In addition\u00a0<strong>MAZETS 49<\/strong>\u00a0does not collect any \"sensitive data\".<\/p>\n\n\n\n<p>The User's Personal Data may be processed by subsidiaries of\u00a0<strong>MAZETS 49<\/strong>\u00a0and subcontractors (service providers), exclusively in order to achieve the purposes of this policy.<\/p>\n\n\n\n<p>Within the limits of their respective responsibilities and for the purposes set out above, the main people likely to have access to the data of Users of <strong>https:\/\/lesmazetsdelaforest.com<\/strong> are mainly our customer service agents.<\/p>\n\n\n\n<h3 class=\"wp-block-heading has-white-background-color has-background\">6. Types of data collected<\/h3>\n\n\n\n<p>Concerning site users, <strong>https:\/\/lesmazetsdelaforest.com\u00a0<\/strong>We collect the following data which are essential for the operation of the service, and which will be kept for a maximum period of 3 years after the end of the contractual relationship:<br>Surname, first name, postal address, e-mail address, telephone number and other information as required.<\/p>\n\n\n\n<p><strong>MAZETS 49<\/strong>\u00a0also collects information to improve the user experience and provide contextualised advice:<br>Statistics via Google Analytics<\/p>\n\n\n\n<p>This data is kept for a maximum period of 5 years after the end of the contractual relationship.<\/p>","protected":false},"excerpt":{"rendered":"<p>1. Gestion des donn\u00e9es personnelles. Le Client est inform\u00e9 des r\u00e9glementations concernant la communication marketing, la loi du 21 Juin 2014 pour la confiance dans l\u2019Economie Num\u00e9rique, la Loi Informatique et Libert\u00e9 du 06 Ao\u00fbt 2004 ainsi que du R\u00e8glement G\u00e9n\u00e9ral sur la Protection des Donn\u00e9es (RGPD&nbsp;: n\u00b0 2016-679). 2. Responsables de la collecte des [&hellip;]<\/p>\n","protected":false},"author":1,"featured_media":0,"parent":0,"menu_order":0,"comment_status":"closed","ping_status":"closed","template":"","meta":{"_monsterinsights_skip_tracking":false,"_monsterinsights_sitenote_active":false,"_monsterinsights_sitenote_note":"","_monsterinsights_sitenote_category":0,"footnotes":""},"class_list":["post-28","page","type-page","status-publish","czr-hentry"],"yoast_head":"<!-- This site is optimized with the Yoast SEO plugin v27.0 - https:\/\/yoast.com\/product\/yoast-seo-wordpress\/ -->\n<title>Politique de confidentialit\u00e9 - Les Mazets de Laforest<\/title>\n<meta name=\"robots\" content=\"index, follow, max-snippet:-1, max-image-preview:large, max-video-preview:-1\" \/>\n<link rel=\"canonical\" href=\"https:\/\/lesmazetsdelaforest.com\/en\/privacy-policy\/\" \/>\n<meta property=\"og:locale\" content=\"en_GB\" \/>\n<meta property=\"og:type\" content=\"article\" \/>\n<meta property=\"og:title\" content=\"Politique de confidentialit\u00e9 - Les Mazets de Laforest\" \/>\n<meta property=\"og:description\" content=\"1. Gestion des donn\u00e9es personnelles. Le Client est inform\u00e9 des r\u00e9glementations concernant la communication marketing, la loi du 21 Juin 2014 pour la confiance dans l\u2019Economie Num\u00e9rique, la Loi Informatique et Libert\u00e9 du 06 Ao\u00fbt 2004 ainsi que du R\u00e8glement G\u00e9n\u00e9ral sur la Protection des Donn\u00e9es (RGPD&nbsp;: n\u00b0 2016-679). 2. Responsables de la collecte des [&hellip;]\" \/>\n<meta property=\"og:url\" content=\"https:\/\/lesmazetsdelaforest.com\/en\/privacy-policy\/\" \/>\n<meta property=\"og:site_name\" content=\"Les Mazets de Laforest\" \/>\n<meta property=\"article:modified_time\" content=\"2024-02-23T11:30:17+00:00\" \/>\n<meta name=\"twitter:card\" content=\"summary_large_image\" \/>\n<meta name=\"twitter:label1\" content=\"Estimated reading time\" \/>\n\t<meta name=\"twitter:data1\" content=\"6 minutes\" \/>\n<script type=\"application\/ld+json\" class=\"yoast-schema-graph\">{\"@context\":\"https:\/\/schema.org\",\"@graph\":[{\"@type\":\"WebPage\",\"@id\":\"https:\/\/lesmazetsdelaforest.com\/politique-de-confidentialite\",\"url\":\"https:\/\/lesmazetsdelaforest.com\/politique-de-confidentialite\",\"name\":\"Politique de confidentialit\u00e9 - Les Mazets de Laforest\",\"isPartOf\":{\"@id\":\"https:\/\/lesmazetsdelaforest.com\/#website\"},\"datePublished\":\"2024-02-20T13:18:14+00:00\",\"dateModified\":\"2024-02-23T11:30:17+00:00\",\"breadcrumb\":{\"@id\":\"https:\/\/lesmazetsdelaforest.com\/politique-de-confidentialite#breadcrumb\"},\"inLanguage\":\"en-GB\",\"potentialAction\":[{\"@type\":\"ReadAction\",\"target\":[\"https:\/\/lesmazetsdelaforest.com\/politique-de-confidentialite\"]}]},{\"@type\":\"BreadcrumbList\",\"@id\":\"https:\/\/lesmazetsdelaforest.com\/politique-de-confidentialite#breadcrumb\",\"itemListElement\":[{\"@type\":\"ListItem\",\"position\":1,\"name\":\"Accueil\",\"item\":\"https:\/\/lesmazetsdelaforest.com\/\"},{\"@type\":\"ListItem\",\"position\":2,\"name\":\"Politique de confidentialit\u00e9\"}]},{\"@type\":\"WebSite\",\"@id\":\"https:\/\/lesmazetsdelaforest.com\/#website\",\"url\":\"https:\/\/lesmazetsdelaforest.com\/\",\"name\":\"Les Mazets de Laforest\",\"description\":\"\",\"publisher\":{\"@id\":\"https:\/\/lesmazetsdelaforest.com\/#organization\"},\"potentialAction\":[{\"@type\":\"SearchAction\",\"target\":{\"@type\":\"EntryPoint\",\"urlTemplate\":\"https:\/\/lesmazetsdelaforest.com\/?s={search_term_string}\"},\"query-input\":{\"@type\":\"PropertyValueSpecification\",\"valueRequired\":true,\"valueName\":\"search_term_string\"}}],\"inLanguage\":\"en-GB\"},{\"@type\":\"Organization\",\"@id\":\"https:\/\/lesmazetsdelaforest.com\/#organization\",\"name\":\"Les Mazets de Laforest\",\"url\":\"https:\/\/lesmazetsdelaforest.com\/\",\"logo\":{\"@type\":\"ImageObject\",\"inLanguage\":\"en-GB\",\"@id\":\"https:\/\/lesmazetsdelaforest.com\/#\/schema\/logo\/image\/\",\"url\":\"https:\/\/lesmazetsdelaforest.com\/wp-content\/uploads\/2024\/02\/cropped-OFFICIEL-e1708436379463.png\",\"contentUrl\":\"https:\/\/lesmazetsdelaforest.com\/wp-content\/uploads\/2024\/02\/cropped-OFFICIEL-e1708436379463.png\",\"width\":300,\"height\":150,\"caption\":\"Les Mazets de Laforest\"},\"image\":{\"@id\":\"https:\/\/lesmazetsdelaforest.com\/#\/schema\/logo\/image\/\"}}]}<\/script>\n<!-- \/ Yoast SEO plugin. -->","yoast_head_json":{"title":"Privacy policy - Les Mazets de Laforest","robots":{"index":"index","follow":"follow","max-snippet":"max-snippet:-1","max-image-preview":"max-image-preview:large","max-video-preview":"max-video-preview:-1"},"canonical":"https:\/\/lesmazetsdelaforest.com\/en\/privacy-policy\/","og_locale":"en_GB","og_type":"article","og_title":"Politique de confidentialit\u00e9 - Les Mazets de Laforest","og_description":"1. Gestion des donn\u00e9es personnelles. Le Client est inform\u00e9 des r\u00e9glementations concernant la communication marketing, la loi du 21 Juin 2014 pour la confiance dans l\u2019Economie Num\u00e9rique, la Loi Informatique et Libert\u00e9 du 06 Ao\u00fbt 2004 ainsi que du R\u00e8glement G\u00e9n\u00e9ral sur la Protection des Donn\u00e9es (RGPD&nbsp;: n\u00b0 2016-679). 2. Responsables de la collecte des [&hellip;]","og_url":"https:\/\/lesmazetsdelaforest.com\/en\/privacy-policy\/","og_site_name":"Les Mazets de Laforest","article_modified_time":"2024-02-23T11:30:17+00:00","twitter_card":"summary_large_image","twitter_misc":{"Estimated reading time":"6 minutes"},"schema":{"@context":"https:\/\/schema.org","@graph":[{"@type":"WebPage","@id":"https:\/\/lesmazetsdelaforest.com\/politique-de-confidentialite","url":"https:\/\/lesmazetsdelaforest.com\/politique-de-confidentialite","name":"Privacy policy - Les Mazets de Laforest","isPartOf":{"@id":"https:\/\/lesmazetsdelaforest.com\/#website"},"datePublished":"2024-02-20T13:18:14+00:00","dateModified":"2024-02-23T11:30:17+00:00","breadcrumb":{"@id":"https:\/\/lesmazetsdelaforest.com\/politique-de-confidentialite#breadcrumb"},"inLanguage":"en-GB","potentialAction":[{"@type":"ReadAction","target":["https:\/\/lesmazetsdelaforest.com\/politique-de-confidentialite"]}]},{"@type":"BreadcrumbList","@id":"https:\/\/lesmazetsdelaforest.com\/politique-de-confidentialite#breadcrumb","itemListElement":[{"@type":"ListItem","position":1,"name":"Accueil","item":"https:\/\/lesmazetsdelaforest.com\/"},{"@type":"ListItem","position":2,"name":"Politique de confidentialit\u00e9"}]},{"@type":"WebSite","@id":"https:\/\/lesmazetsdelaforest.com\/#website","url":"https:\/\/lesmazetsdelaforest.com\/","name":"Les Mazets de Laforest","description":"","publisher":{"@id":"https:\/\/lesmazetsdelaforest.com\/#organization"},"potentialAction":[{"@type":"SearchAction","target":{"@type":"EntryPoint","urlTemplate":"https:\/\/lesmazetsdelaforest.com\/?s={search_term_string}"},"query-input":{"@type":"PropertyValueSpecification","valueRequired":true,"valueName":"search_term_string"}}],"inLanguage":"en-GB"},{"@type":"Organization","@id":"https:\/\/lesmazetsdelaforest.com\/#organization","name":"Les Mazets de Laforest","url":"https:\/\/lesmazetsdelaforest.com\/","logo":{"@type":"ImageObject","inLanguage":"en-GB","@id":"https:\/\/lesmazetsdelaforest.com\/#\/schema\/logo\/image\/","url":"https:\/\/lesmazetsdelaforest.com\/wp-content\/uploads\/2024\/02\/cropped-OFFICIEL-e1708436379463.png","contentUrl":"https:\/\/lesmazetsdelaforest.com\/wp-content\/uploads\/2024\/02\/cropped-OFFICIEL-e1708436379463.png","width":300,"height":150,"caption":"Les Mazets de Laforest"},"image":{"@id":"https:\/\/lesmazetsdelaforest.com\/#\/schema\/logo\/image\/"}}]}},"_links":{"self":[{"href":"https:\/\/lesmazetsdelaforest.com\/en\/wp-json\/wp\/v2\/pages\/28","targetHints":{"allow":["GET"]}}],"collection":[{"href":"https:\/\/lesmazetsdelaforest.com\/en\/wp-json\/wp\/v2\/pages"}],"about":[{"href":"https:\/\/lesmazetsdelaforest.com\/en\/wp-json\/wp\/v2\/types\/page"}],"author":[{"embeddable":true,"href":"https:\/\/lesmazetsdelaforest.com\/en\/wp-json\/wp\/v2\/users\/1"}],"replies":[{"embeddable":true,"href":"https:\/\/lesmazetsdelaforest.com\/en\/wp-json\/wp\/v2\/comments?post=28"}],"version-history":[{"count":3,"href":"https:\/\/lesmazetsdelaforest.com\/en\/wp-json\/wp\/v2\/pages\/28\/revisions"}],"predecessor-version":[{"id":636,"href":"https:\/\/lesmazetsdelaforest.com\/en\/wp-json\/wp\/v2\/pages\/28\/revisions\/636"}],"wp:attachment":[{"href":"https:\/\/lesmazetsdelaforest.com\/en\/wp-json\/wp\/v2\/media?parent=28"}],"curies":[{"name":"wp","href":"https:\/\/api.w.org\/{rel}","templated":true}]}}