{"id":18,"date":"2024-02-20T13:17:36","date_gmt":"2024-02-20T13:17:36","guid":{"rendered":"https:\/\/lesmazetsdelaforest.com\/?page_id=18"},"modified":"2024-03-06T07:59:13","modified_gmt":"2024-03-06T07:59:13","slug":"services-activities","status":"publish","type":"page","link":"https:\/\/lesmazetsdelaforest.com\/en\/services-activites","title":{"rendered":"Restaurants &amp; Activities"},"content":{"rendered":"","protected":false},"excerpt":{"rendered":"","protected":false},"author":1,"featured_media":571,"parent":0,"menu_order":0,"comment_status":"closed","ping_status":"closed","template":"","meta":{"_monsterinsights_skip_tracking":false,"_monsterinsights_sitenote_active":false,"_monsterinsights_sitenote_note":"","_monsterinsights_sitenote_category":0,"footnotes":""},"class_list":["post-18","page","type-page","status-publish","has-post-thumbnail","czr-hentry"],"yoast_head":"<!-- This site is optimized with the Yoast SEO plugin v27.0 - https:\/\/yoast.com\/product\/yoast-seo-wordpress\/ -->\n<title>Restaurants &amp; Activit\u00e9s dans les Alpilles - Les Mazets de Laforest<\/title>\n<meta name=\"description\" content=\"Services &amp; Activit\u00e9s dans les Alpilles - D\u00e9couvrez toutes nos recommandations - Les Mazets de Laforest - Location saisonni\u00e8re\" \/>\n<meta name=\"robots\" content=\"index, follow, max-snippet:-1, max-image-preview:large, max-video-preview:-1\" \/>\n<link rel=\"canonical\" href=\"https:\/\/lesmazetsdelaforest.com\/en\/services-activities\/\" \/>\n<meta property=\"og:locale\" content=\"en_GB\" \/>\n<meta property=\"og:type\" content=\"article\" \/>\n<meta property=\"og:title\" content=\"Restaurants &amp; Activit\u00e9s dans les Alpilles - Les Mazets de Laforest\" \/>\n<meta property=\"og:description\" content=\"Services &amp; Activit\u00e9s dans les Alpilles - D\u00e9couvrez toutes nos recommandations - Les Mazets de Laforest - Location saisonni\u00e8re\" \/>\n<meta property=\"og:url\" content=\"https:\/\/lesmazetsdelaforest.com\/en\/services-activities\/\" \/>\n<meta property=\"og:site_name\" content=\"Les Mazets de Laforest\" \/>\n<meta property=\"article:modified_time\" content=\"2024-03-06T07:59:13+00:00\" \/>\n<meta property=\"og:image\" content=\"https:\/\/lesmazetsdelaforest.com\/wp-content\/uploads\/2024\/02\/E-Trott-Aventura.jpeg\" \/>\n\t<meta property=\"og:image:width\" content=\"1024\" \/>\n\t<meta property=\"og:image:height\" content=\"682\" \/>\n\t<meta property=\"og:image:type\" content=\"image\/jpeg\" \/>\n<meta name=\"twitter:card\" content=\"summary_large_image\" \/>\n<meta name=\"twitter:label1\" content=\"Estimated reading time\" \/>\n\t<meta name=\"twitter:data1\" content=\"2 minutes\" \/>\n<script type=\"application\/ld+json\" class=\"yoast-schema-graph\">{\"@context\":\"https:\/\/schema.org\",\"@graph\":[{\"@type\":[\"WebPage\",\"SearchResultsPage\"],\"@id\":\"https:\/\/lesmazetsdelaforest.com\/services-activites\",\"url\":\"https:\/\/lesmazetsdelaforest.com\/services-activites\",\"name\":\"Restaurants & Activit\u00e9s dans les Alpilles - Les Mazets de Laforest\",\"isPartOf\":{\"@id\":\"https:\/\/lesmazetsdelaforest.com\/#website\"},\"primaryImageOfPage\":{\"@id\":\"https:\/\/lesmazetsdelaforest.com\/services-activites#primaryimage\"},\"image\":{\"@id\":\"https:\/\/lesmazetsdelaforest.com\/services-activites#primaryimage\"},\"thumbnailUrl\":\"https:\/\/lesmazetsdelaforest.com\/wp-content\/uploads\/2024\/02\/E-Trott-Aventura.jpeg\",\"datePublished\":\"2024-02-20T13:17:36+00:00\",\"dateModified\":\"2024-03-06T07:59:13+00:00\",\"description\":\"Services & Activit\u00e9s dans les Alpilles - D\u00e9couvrez toutes nos recommandations - Les Mazets de Laforest - Location saisonni\u00e8re\",\"breadcrumb\":{\"@id\":\"https:\/\/lesmazetsdelaforest.com\/services-activites#breadcrumb\"},\"inLanguage\":\"en-GB\",\"potentialAction\":[{\"@type\":\"ReadAction\",\"target\":[\"https:\/\/lesmazetsdelaforest.com\/services-activites\"]}]},{\"@type\":\"ImageObject\",\"inLanguage\":\"en-GB\",\"@id\":\"https:\/\/lesmazetsdelaforest.com\/services-activites#primaryimage\",\"url\":\"https:\/\/lesmazetsdelaforest.com\/wp-content\/uploads\/2024\/02\/E-Trott-Aventura.jpeg\",\"contentUrl\":\"https:\/\/lesmazetsdelaforest.com\/wp-content\/uploads\/2024\/02\/E-Trott-Aventura.jpeg\",\"width\":1024,\"height\":682},{\"@type\":\"BreadcrumbList\",\"@id\":\"https:\/\/lesmazetsdelaforest.com\/services-activites#breadcrumb\",\"itemListElement\":[{\"@type\":\"ListItem\",\"position\":1,\"name\":\"Accueil\",\"item\":\"https:\/\/lesmazetsdelaforest.com\/\"},{\"@type\":\"ListItem\",\"position\":2,\"name\":\"Restaurants &#038; Activit\u00e9s\"}]},{\"@type\":\"WebSite\",\"@id\":\"https:\/\/lesmazetsdelaforest.com\/#website\",\"url\":\"https:\/\/lesmazetsdelaforest.com\/\",\"name\":\"Les Mazets de Laforest\",\"description\":\"\",\"publisher\":{\"@id\":\"https:\/\/lesmazetsdelaforest.com\/#organization\"},\"potentialAction\":[{\"@type\":\"SearchAction\",\"target\":{\"@type\":\"EntryPoint\",\"urlTemplate\":\"https:\/\/lesmazetsdelaforest.com\/?s={search_term_string}\"},\"query-input\":{\"@type\":\"PropertyValueSpecification\",\"valueRequired\":true,\"valueName\":\"search_term_string\"}}],\"inLanguage\":\"en-GB\"},{\"@type\":\"Organization\",\"@id\":\"https:\/\/lesmazetsdelaforest.com\/#organization\",\"name\":\"Les Mazets de Laforest\",\"url\":\"https:\/\/lesmazetsdelaforest.com\/\",\"logo\":{\"@type\":\"ImageObject\",\"inLanguage\":\"en-GB\",\"@id\":\"https:\/\/lesmazetsdelaforest.com\/#\/schema\/logo\/image\/\",\"url\":\"https:\/\/lesmazetsdelaforest.com\/wp-content\/uploads\/2024\/02\/cropped-OFFICIEL-e1708436379463.png\",\"contentUrl\":\"https:\/\/lesmazetsdelaforest.com\/wp-content\/uploads\/2024\/02\/cropped-OFFICIEL-e1708436379463.png\",\"width\":300,\"height\":150,\"caption\":\"Les Mazets de Laforest\"},\"image\":{\"@id\":\"https:\/\/lesmazetsdelaforest.com\/#\/schema\/logo\/image\/\"}}]}<\/script>\n<!-- \/ Yoast SEO plugin. -->","yoast_head_json":{"title":"Restaurants &amp; Activities in Alpilles - Les Mazets de Laforest","description":"Services &amp; Activities in Alpilles - Discover all our recommendations - Les Mazets de Laforest - Holiday rental","robots":{"index":"index","follow":"follow","max-snippet":"max-snippet:-1","max-image-preview":"max-image-preview:large","max-video-preview":"max-video-preview:-1"},"canonical":"https:\/\/lesmazetsdelaforest.com\/en\/services-activities\/","og_locale":"en_GB","og_type":"article","og_title":"Restaurants & Activit\u00e9s dans les Alpilles - Les Mazets de Laforest","og_description":"Services & Activit\u00e9s dans les Alpilles - D\u00e9couvrez toutes nos recommandations - Les Mazets de Laforest - Location saisonni\u00e8re","og_url":"https:\/\/lesmazetsdelaforest.com\/en\/services-activities\/","og_site_name":"Les Mazets de Laforest","article_modified_time":"2024-03-06T07:59:13+00:00","og_image":[{"width":1024,"height":682,"url":"https:\/\/lesmazetsdelaforest.com\/wp-content\/uploads\/2024\/02\/E-Trott-Aventura.jpeg","type":"image\/jpeg"}],"twitter_card":"summary_large_image","twitter_misc":{"Estimated reading time":"2 minutes"},"schema":{"@context":"https:\/\/schema.org","@graph":[{"@type":["WebPage","SearchResultsPage"],"@id":"https:\/\/lesmazetsdelaforest.com\/services-activites","url":"https:\/\/lesmazetsdelaforest.com\/services-activites","name":"Restaurants &amp; Activities in Alpilles - Les Mazets de Laforest","isPartOf":{"@id":"https:\/\/lesmazetsdelaforest.com\/#website"},"primaryImageOfPage":{"@id":"https:\/\/lesmazetsdelaforest.com\/services-activites#primaryimage"},"image":{"@id":"https:\/\/lesmazetsdelaforest.com\/services-activites#primaryimage"},"thumbnailUrl":"https:\/\/lesmazetsdelaforest.com\/wp-content\/uploads\/2024\/02\/E-Trott-Aventura.jpeg","datePublished":"2024-02-20T13:17:36+00:00","dateModified":"2024-03-06T07:59:13+00:00","description":"Services &amp; Activities in Alpilles - Discover all our recommendations - Les Mazets de Laforest - Holiday rental","breadcrumb":{"@id":"https:\/\/lesmazetsdelaforest.com\/services-activites#breadcrumb"},"inLanguage":"en-GB","potentialAction":[{"@type":"ReadAction","target":["https:\/\/lesmazetsdelaforest.com\/services-activites"]}]},{"@type":"ImageObject","inLanguage":"en-GB","@id":"https:\/\/lesmazetsdelaforest.com\/services-activites#primaryimage","url":"https:\/\/lesmazetsdelaforest.com\/wp-content\/uploads\/2024\/02\/E-Trott-Aventura.jpeg","contentUrl":"https:\/\/lesmazetsdelaforest.com\/wp-content\/uploads\/2024\/02\/E-Trott-Aventura.jpeg","width":1024,"height":682},{"@type":"BreadcrumbList","@id":"https:\/\/lesmazetsdelaforest.com\/services-activites#breadcrumb","itemListElement":[{"@type":"ListItem","position":1,"name":"Accueil","item":"https:\/\/lesmazetsdelaforest.com\/"},{"@type":"ListItem","position":2,"name":"Restaurants &#038; Activit\u00e9s"}]},{"@type":"WebSite","@id":"https:\/\/lesmazetsdelaforest.com\/#website","url":"https:\/\/lesmazetsdelaforest.com\/","name":"Les Mazets de Laforest","description":"","publisher":{"@id":"https:\/\/lesmazetsdelaforest.com\/#organization"},"potentialAction":[{"@type":"SearchAction","target":{"@type":"EntryPoint","urlTemplate":"https:\/\/lesmazetsdelaforest.com\/?s={search_term_string}"},"query-input":{"@type":"PropertyValueSpecification","valueRequired":true,"valueName":"search_term_string"}}],"inLanguage":"en-GB"},{"@type":"Organization","@id":"https:\/\/lesmazetsdelaforest.com\/#organization","name":"Les Mazets de Laforest","url":"https:\/\/lesmazetsdelaforest.com\/","logo":{"@type":"ImageObject","inLanguage":"en-GB","@id":"https:\/\/lesmazetsdelaforest.com\/#\/schema\/logo\/image\/","url":"https:\/\/lesmazetsdelaforest.com\/wp-content\/uploads\/2024\/02\/cropped-OFFICIEL-e1708436379463.png","contentUrl":"https:\/\/lesmazetsdelaforest.com\/wp-content\/uploads\/2024\/02\/cropped-OFFICIEL-e1708436379463.png","width":300,"height":150,"caption":"Les Mazets de Laforest"},"image":{"@id":"https:\/\/lesmazetsdelaforest.com\/#\/schema\/logo\/image\/"}}]}},"_links":{"self":[{"href":"https:\/\/lesmazetsdelaforest.com\/en\/wp-json\/wp\/v2\/pages\/18","targetHints":{"allow":["GET"]}}],"collection":[{"href":"https:\/\/lesmazetsdelaforest.com\/en\/wp-json\/wp\/v2\/pages"}],"about":[{"href":"https:\/\/lesmazetsdelaforest.com\/en\/wp-json\/wp\/v2\/types\/page"}],"author":[{"embeddable":true,"href":"https:\/\/lesmazetsdelaforest.com\/en\/wp-json\/wp\/v2\/users\/1"}],"replies":[{"embeddable":true,"href":"https:\/\/lesmazetsdelaforest.com\/en\/wp-json\/wp\/v2\/comments?post=18"}],"version-history":[{"count":2,"href":"https:\/\/lesmazetsdelaforest.com\/en\/wp-json\/wp\/v2\/pages\/18\/revisions"}],"predecessor-version":[{"id":842,"href":"https:\/\/lesmazetsdelaforest.com\/en\/wp-json\/wp\/v2\/pages\/18\/revisions\/842"}],"wp:featuredmedia":[{"embeddable":true,"href":"https:\/\/lesmazetsdelaforest.com\/en\/wp-json\/wp\/v2\/media\/571"}],"wp:attachment":[{"href":"https:\/\/lesmazetsdelaforest.com\/en\/wp-json\/wp\/v2\/media?parent=18"}],"curies":[{"name":"wp","href":"https:\/\/api.w.org\/{rel}","templated":true}]}}