{"id":12,"date":"2024-02-20T13:17:01","date_gmt":"2024-02-20T13:17:01","guid":{"rendered":"https:\/\/lesmazetsdelaforest.com\/?page_id=12"},"modified":"2024-03-04T13:46:53","modified_gmt":"2024-03-04T13:46:53","slug":"le-mazet-de-brunelly","status":"publish","type":"page","link":"https:\/\/lesmazetsdelaforest.com\/en\/le-mazet-de-brunelly","title":{"rendered":"Le Mazet de Brunelly"},"content":{"rendered":"","protected":false},"excerpt":{"rendered":"","protected":false},"author":1,"featured_media":86,"parent":0,"menu_order":0,"comment_status":"closed","ping_status":"closed","template":"","meta":{"_monsterinsights_skip_tracking":false,"_monsterinsights_sitenote_active":false,"_monsterinsights_sitenote_note":"","_monsterinsights_sitenote_category":0,"footnotes":""},"class_list":["post-12","page","type-page","status-publish","has-post-thumbnail","czr-hentry"],"yoast_head":"<!-- This site is optimized with the Yoast SEO plugin v27.0 - https:\/\/yoast.com\/product\/yoast-seo-wordpress\/ -->\n<title>Le Mazet de Brunelly - Location saisonni\u00e8re \u00e0 Paradou<\/title>\n<meta name=\"description\" content=\"Les Mazets de Laforest - Location saisonni\u00e8re \u00e0 Paradou - D\u00e9couvrez notre superbe mazet pour 8 personnes en location saisonni\u00e8re\" \/>\n<meta name=\"robots\" content=\"index, follow, max-snippet:-1, max-image-preview:large, max-video-preview:-1\" \/>\n<link rel=\"canonical\" href=\"https:\/\/lesmazetsdelaforest.com\/en\/le-mazet-de-brunelly\/\" \/>\n<meta property=\"og:locale\" content=\"en_GB\" \/>\n<meta property=\"og:type\" content=\"article\" \/>\n<meta property=\"og:title\" content=\"Le Mazet de Brunelly - Location saisonni\u00e8re \u00e0 Paradou\" \/>\n<meta property=\"og:description\" content=\"Les Mazets de Laforest - Location saisonni\u00e8re \u00e0 Paradou - D\u00e9couvrez notre superbe mazet pour 8 personnes en location saisonni\u00e8re\" \/>\n<meta property=\"og:url\" content=\"https:\/\/lesmazetsdelaforest.com\/en\/le-mazet-de-brunelly\/\" \/>\n<meta property=\"og:site_name\" content=\"Les Mazets de Laforest\" \/>\n<meta property=\"article:modified_time\" content=\"2024-03-04T13:46:53+00:00\" \/>\n<meta property=\"og:image\" content=\"https:\/\/lesmazetsdelaforest.com\/wp-content\/uploads\/2024\/02\/ok-43-copie.jpg\" \/>\n\t<meta property=\"og:image:width\" content=\"1280\" \/>\n\t<meta property=\"og:image:height\" content=\"1920\" \/>\n\t<meta property=\"og:image:type\" content=\"image\/jpeg\" \/>\n<meta name=\"twitter:card\" content=\"summary_large_image\" \/>\n<meta name=\"twitter:label1\" content=\"Estimated reading time\" \/>\n\t<meta name=\"twitter:data1\" content=\"13 minutes\" \/>\n<script type=\"application\/ld+json\" class=\"yoast-schema-graph\">{\"@context\":\"https:\/\/schema.org\",\"@graph\":[{\"@type\":[\"WebPage\",\"SearchResultsPage\"],\"@id\":\"https:\/\/lesmazetsdelaforest.com\/le-mazet-de-brunelly\",\"url\":\"https:\/\/lesmazetsdelaforest.com\/le-mazet-de-brunelly\",\"name\":\"Le Mazet de Brunelly - Location saisonni\u00e8re \u00e0 Paradou\",\"isPartOf\":{\"@id\":\"https:\/\/lesmazetsdelaforest.com\/#website\"},\"primaryImageOfPage\":{\"@id\":\"https:\/\/lesmazetsdelaforest.com\/le-mazet-de-brunelly#primaryimage\"},\"image\":{\"@id\":\"https:\/\/lesmazetsdelaforest.com\/le-mazet-de-brunelly#primaryimage\"},\"thumbnailUrl\":\"https:\/\/lesmazetsdelaforest.com\/wp-content\/uploads\/2024\/02\/ok-43-copie.jpg\",\"datePublished\":\"2024-02-20T13:17:01+00:00\",\"dateModified\":\"2024-03-04T13:46:53+00:00\",\"description\":\"Les Mazets de Laforest - Location saisonni\u00e8re \u00e0 Paradou - D\u00e9couvrez notre superbe mazet pour 8 personnes en location saisonni\u00e8re\",\"breadcrumb\":{\"@id\":\"https:\/\/lesmazetsdelaforest.com\/le-mazet-de-brunelly#breadcrumb\"},\"inLanguage\":\"en-GB\",\"potentialAction\":[{\"@type\":\"ReadAction\",\"target\":[\"https:\/\/lesmazetsdelaforest.com\/le-mazet-de-brunelly\"]}]},{\"@type\":\"ImageObject\",\"inLanguage\":\"en-GB\",\"@id\":\"https:\/\/lesmazetsdelaforest.com\/le-mazet-de-brunelly#primaryimage\",\"url\":\"https:\/\/lesmazetsdelaforest.com\/wp-content\/uploads\/2024\/02\/ok-43-copie.jpg\",\"contentUrl\":\"https:\/\/lesmazetsdelaforest.com\/wp-content\/uploads\/2024\/02\/ok-43-copie.jpg\",\"width\":1280,\"height\":1920},{\"@type\":\"BreadcrumbList\",\"@id\":\"https:\/\/lesmazetsdelaforest.com\/le-mazet-de-brunelly#breadcrumb\",\"itemListElement\":[{\"@type\":\"ListItem\",\"position\":1,\"name\":\"Accueil\",\"item\":\"https:\/\/lesmazetsdelaforest.com\/\"},{\"@type\":\"ListItem\",\"position\":2,\"name\":\"Le Mazet de Brunelly\"}]},{\"@type\":\"WebSite\",\"@id\":\"https:\/\/lesmazetsdelaforest.com\/#website\",\"url\":\"https:\/\/lesmazetsdelaforest.com\/\",\"name\":\"Les Mazets de Laforest\",\"description\":\"\",\"publisher\":{\"@id\":\"https:\/\/lesmazetsdelaforest.com\/#organization\"},\"potentialAction\":[{\"@type\":\"SearchAction\",\"target\":{\"@type\":\"EntryPoint\",\"urlTemplate\":\"https:\/\/lesmazetsdelaforest.com\/?s={search_term_string}\"},\"query-input\":{\"@type\":\"PropertyValueSpecification\",\"valueRequired\":true,\"valueName\":\"search_term_string\"}}],\"inLanguage\":\"en-GB\"},{\"@type\":\"Organization\",\"@id\":\"https:\/\/lesmazetsdelaforest.com\/#organization\",\"name\":\"Les Mazets de Laforest\",\"url\":\"https:\/\/lesmazetsdelaforest.com\/\",\"logo\":{\"@type\":\"ImageObject\",\"inLanguage\":\"en-GB\",\"@id\":\"https:\/\/lesmazetsdelaforest.com\/#\/schema\/logo\/image\/\",\"url\":\"https:\/\/lesmazetsdelaforest.com\/wp-content\/uploads\/2024\/02\/cropped-OFFICIEL-e1708436379463.png\",\"contentUrl\":\"https:\/\/lesmazetsdelaforest.com\/wp-content\/uploads\/2024\/02\/cropped-OFFICIEL-e1708436379463.png\",\"width\":300,\"height\":150,\"caption\":\"Les Mazets de Laforest\"},\"image\":{\"@id\":\"https:\/\/lesmazetsdelaforest.com\/#\/schema\/logo\/image\/\"}}]}<\/script>\n<!-- \/ Yoast SEO plugin. -->","yoast_head_json":{"title":"Le Mazet de Brunelly - Holiday rental in Paradou","description":"Les Mazets de Laforest - Holiday rental in Paradou - Discover our superb mazet for 8 people in holiday rental","robots":{"index":"index","follow":"follow","max-snippet":"max-snippet:-1","max-image-preview":"max-image-preview:large","max-video-preview":"max-video-preview:-1"},"canonical":"https:\/\/lesmazetsdelaforest.com\/en\/le-mazet-de-brunelly\/","og_locale":"en_GB","og_type":"article","og_title":"Le Mazet de Brunelly - Location saisonni\u00e8re \u00e0 Paradou","og_description":"Les Mazets de Laforest - Location saisonni\u00e8re \u00e0 Paradou - D\u00e9couvrez notre superbe mazet pour 8 personnes en location saisonni\u00e8re","og_url":"https:\/\/lesmazetsdelaforest.com\/en\/le-mazet-de-brunelly\/","og_site_name":"Les Mazets de Laforest","article_modified_time":"2024-03-04T13:46:53+00:00","og_image":[{"width":1280,"height":1920,"url":"https:\/\/lesmazetsdelaforest.com\/wp-content\/uploads\/2024\/02\/ok-43-copie.jpg","type":"image\/jpeg"}],"twitter_card":"summary_large_image","twitter_misc":{"Estimated reading time":"13 minutes"},"schema":{"@context":"https:\/\/schema.org","@graph":[{"@type":["WebPage","SearchResultsPage"],"@id":"https:\/\/lesmazetsdelaforest.com\/le-mazet-de-brunelly","url":"https:\/\/lesmazetsdelaforest.com\/le-mazet-de-brunelly","name":"Le Mazet de Brunelly - Holiday rental in Paradou","isPartOf":{"@id":"https:\/\/lesmazetsdelaforest.com\/#website"},"primaryImageOfPage":{"@id":"https:\/\/lesmazetsdelaforest.com\/le-mazet-de-brunelly#primaryimage"},"image":{"@id":"https:\/\/lesmazetsdelaforest.com\/le-mazet-de-brunelly#primaryimage"},"thumbnailUrl":"https:\/\/lesmazetsdelaforest.com\/wp-content\/uploads\/2024\/02\/ok-43-copie.jpg","datePublished":"2024-02-20T13:17:01+00:00","dateModified":"2024-03-04T13:46:53+00:00","description":"Les Mazets de Laforest - Holiday rental in Paradou - Discover our superb mazet for 8 people in holiday rental","breadcrumb":{"@id":"https:\/\/lesmazetsdelaforest.com\/le-mazet-de-brunelly#breadcrumb"},"inLanguage":"en-GB","potentialAction":[{"@type":"ReadAction","target":["https:\/\/lesmazetsdelaforest.com\/le-mazet-de-brunelly"]}]},{"@type":"ImageObject","inLanguage":"en-GB","@id":"https:\/\/lesmazetsdelaforest.com\/le-mazet-de-brunelly#primaryimage","url":"https:\/\/lesmazetsdelaforest.com\/wp-content\/uploads\/2024\/02\/ok-43-copie.jpg","contentUrl":"https:\/\/lesmazetsdelaforest.com\/wp-content\/uploads\/2024\/02\/ok-43-copie.jpg","width":1280,"height":1920},{"@type":"BreadcrumbList","@id":"https:\/\/lesmazetsdelaforest.com\/le-mazet-de-brunelly#breadcrumb","itemListElement":[{"@type":"ListItem","position":1,"name":"Accueil","item":"https:\/\/lesmazetsdelaforest.com\/"},{"@type":"ListItem","position":2,"name":"Le Mazet de Brunelly"}]},{"@type":"WebSite","@id":"https:\/\/lesmazetsdelaforest.com\/#website","url":"https:\/\/lesmazetsdelaforest.com\/","name":"Les Mazets de Laforest","description":"","publisher":{"@id":"https:\/\/lesmazetsdelaforest.com\/#organization"},"potentialAction":[{"@type":"SearchAction","target":{"@type":"EntryPoint","urlTemplate":"https:\/\/lesmazetsdelaforest.com\/?s={search_term_string}"},"query-input":{"@type":"PropertyValueSpecification","valueRequired":true,"valueName":"search_term_string"}}],"inLanguage":"en-GB"},{"@type":"Organization","@id":"https:\/\/lesmazetsdelaforest.com\/#organization","name":"Les Mazets de Laforest","url":"https:\/\/lesmazetsdelaforest.com\/","logo":{"@type":"ImageObject","inLanguage":"en-GB","@id":"https:\/\/lesmazetsdelaforest.com\/#\/schema\/logo\/image\/","url":"https:\/\/lesmazetsdelaforest.com\/wp-content\/uploads\/2024\/02\/cropped-OFFICIEL-e1708436379463.png","contentUrl":"https:\/\/lesmazetsdelaforest.com\/wp-content\/uploads\/2024\/02\/cropped-OFFICIEL-e1708436379463.png","width":300,"height":150,"caption":"Les Mazets de Laforest"},"image":{"@id":"https:\/\/lesmazetsdelaforest.com\/#\/schema\/logo\/image\/"}}]}},"_links":{"self":[{"href":"https:\/\/lesmazetsdelaforest.com\/en\/wp-json\/wp\/v2\/pages\/12","targetHints":{"allow":["GET"]}}],"collection":[{"href":"https:\/\/lesmazetsdelaforest.com\/en\/wp-json\/wp\/v2\/pages"}],"about":[{"href":"https:\/\/lesmazetsdelaforest.com\/en\/wp-json\/wp\/v2\/types\/page"}],"author":[{"embeddable":true,"href":"https:\/\/lesmazetsdelaforest.com\/en\/wp-json\/wp\/v2\/users\/1"}],"replies":[{"embeddable":true,"href":"https:\/\/lesmazetsdelaforest.com\/en\/wp-json\/wp\/v2\/comments?post=12"}],"version-history":[{"count":2,"href":"https:\/\/lesmazetsdelaforest.com\/en\/wp-json\/wp\/v2\/pages\/12\/revisions"}],"predecessor-version":[{"id":680,"href":"https:\/\/lesmazetsdelaforest.com\/en\/wp-json\/wp\/v2\/pages\/12\/revisions\/680"}],"wp:featuredmedia":[{"embeddable":true,"href":"https:\/\/lesmazetsdelaforest.com\/en\/wp-json\/wp\/v2\/media\/86"}],"wp:attachment":[{"href":"https:\/\/lesmazetsdelaforest.com\/en\/wp-json\/wp\/v2\/media?parent=12"}],"curies":[{"name":"wp","href":"https:\/\/api.w.org\/{rel}","templated":true}]}}